{"id":233,"date":"2020-03-09T16:38:11","date_gmt":"2020-03-09T15:38:11","guid":{"rendered":"https:\/\/www.dns-ce.fr\/?page_id=233"},"modified":"2026-03-28T09:29:36","modified_gmt":"2026-03-28T08:29:36","slug":"references-2","status":"publish","type":"page","link":"https:\/\/www.dns-ce.fr\/index.php\/references-2\/","title":{"rendered":"R\u00e9f\u00e9rences"},"content":{"rendered":"<div id=\"pl-233\"  class=\"panel-layout\" ><div id=\"pg-233-0\"  class=\"panel-grid panel-has-style\" ><div class=\"wide-grey panel-row-style panel-row-style-for-233-0\" ><div id=\"pgc-233-0-0\"  class=\"panel-grid-cell\" ><div id=\"panel-233-0-0-0\" class=\"so-panel widget widget_headline-widget panel-first-child panel-last-child\" data-index=\"0\" >\t\t<h1>D\u00e9couvrez nos projets embl\u00e9matiques<\/h1>\n\t\t<div class=\"decoration\"><div class=\"decoration-inside\"><\/div><\/div>\n\t\t<h3>Depuis Nantes, nous travaillons sur l'ensemble de la France.<\/h3>\n\t\t<\/div><\/div><\/div><\/div><div id=\"pg-233-1\"  class=\"panel-grid panel-no-style\" ><div id=\"pgc-233-1-0\"  class=\"panel-grid-cell\" ><div id=\"panel-233-1-0-0\" class=\"so-panel widget widget_siteorigin-panels-postloop panel-first-child panel-last-child\" data-index=\"1\" >\n\t<div id=\"vantage-grid-loop\" class=\"vantage-grid-loop grid-loop-columns-4\">\n\t\t\t\t\t<article class=\"grid-post post-520 post type-post status-publish format-standard has-post-thumbnail hentry category-references post-with-thumbnail post-with-thumbnail-icon\">\n\n\t\t\t\t\t\t\t\t\t<a class=\"grid-thumbnail\" href=\"https:\/\/www.dns-ce.fr\/index.php\/2021\/06\/27\/eole-rer-e-accompagnement-gestion-de-contrat\/\">\n\t\t\t\t\t\t<img loading=\"lazy\" decoding=\"async\" width=\"436\" height=\"272\" src=\"https:\/\/www.dns-ce.fr\/wp-content\/uploads\/2021\/06\/eole-map-popup-436x272.jpg\" class=\"attachment-vantage-grid-loop size-vantage-grid-loop wp-post-image\" alt=\"\" \/>\t\t\t\t\t<\/a>\n\t\t\t\t\n\t\t\t\t<h3><a href=\"https:\/\/www.dns-ce.fr\/index.php\/2021\/06\/27\/eole-rer-e-accompagnement-gestion-de-contrat\/\">EOLE RER E &#8211; Accompagnement gestion de contrat<\/a><\/h3>\n\t\t\t\t<div class=\"excerpt\"><p>La mission DNS Engineering assiste la direction de projet d&rsquo;une entreprise de travaux ferroviaires dans la gestion de son contrat. Les missions consistent \u00e0 : Analyser le d\u00e9roulement des \u00e9tudes au regard des exigences contractuelles, Participer \u00e0 la d\u00e9finition d&rsquo;une approche permettant de respecter les exigences contractuelles, Le projet Le projet EOLE est un projet [&hellip;]<\/p>\n<\/div>\n\t\t\t\t\t\t\t\t\t\t\t<\/article>\n\t\t\t\t\t\t<article class=\"grid-post post-506 post type-post status-publish format-standard has-post-thumbnail hentry category-references post-with-thumbnail post-with-thumbnail-icon\">\n\n\t\t\t\t\t\t\t\t\t<a class=\"grid-thumbnail\" href=\"https:\/\/www.dns-ce.fr\/index.php\/2021\/06\/25\/centrale-a-cycle-combine-au-gaz-naturel-assistance-dans-la-gestion-contractuelle\/\">\n\t\t\t\t\t\t<img loading=\"lazy\" decoding=\"async\" width=\"436\" height=\"272\" src=\"https:\/\/www.dns-ce.fr\/wp-content\/uploads\/2021\/06\/Landivisiau-0-1-436x272.png\" class=\"attachment-vantage-grid-loop size-vantage-grid-loop wp-post-image\" alt=\"\" \/>\t\t\t\t\t<\/a>\n\t\t\t\t\n\t\t\t\t<h3><a href=\"https:\/\/www.dns-ce.fr\/index.php\/2021\/06\/25\/centrale-a-cycle-combine-au-gaz-naturel-assistance-dans-la-gestion-contractuelle\/\">Centrale \u00e0 cycle Combin\u00e9 au Gaz Naturel &#8211; Assistance dans la gestion contractuelle<\/a><\/h3>\n\t\t\t\t<div class=\"excerpt\"><p>La mission DNS Engineering est intervenu pour une entreprise de construction. Nous avons accompagn\u00e9 la direction du projet dans la gestion contractuelle de l&rsquo;op\u00e9ration. Les missions confi\u00e9es ont consist\u00e9 \u00e0 : Analyser le contexte de r\u00e9alisation des \u00e9tudes et des travaux de l&rsquo;op\u00e9ration, V\u00e9rifier l&rsquo;\u00e9cart entre les conditions de r\u00e9alisation pr\u00e9vues au contrat et l&rsquo;ex\u00e9cution [&hellip;]<\/p>\n<\/div>\n\t\t\t\t\t\t\t\t\t\t\t<\/article>\n\t\t\t\t\t\t<article class=\"grid-post post-487 post type-post status-publish format-standard has-post-thumbnail hentry category-references post-with-thumbnail post-with-thumbnail-icon\">\n\n\t\t\t\t\t\t\t\t\t<a class=\"grid-thumbnail\" href=\"https:\/\/www.dns-ce.fr\/index.php\/2021\/06\/25\/ccs-le-mans-coordination-des-etudes\/\">\n\t\t\t\t\t\t<img loading=\"lazy\" decoding=\"async\" width=\"436\" height=\"272\" src=\"https:\/\/www.dns-ce.fr\/wp-content\/uploads\/2021\/06\/CCS-436x272.png\" class=\"attachment-vantage-grid-loop size-vantage-grid-loop wp-post-image\" alt=\"\" \/>\t\t\t\t\t<\/a>\n\t\t\t\t\n\t\t\t\t<h3><a href=\"https:\/\/www.dns-ce.fr\/index.php\/2021\/06\/25\/ccs-le-mans-coordination-des-etudes\/\">CCS Le Mans &#8211; Coordination des \u00e9tudes du groupement et accompagnement du mandataire<\/a><\/h3>\n\t\t\t\t<div class=\"excerpt\"><p>La mission DNS Engineering a \u00e9t\u00e9 int\u00e9gr\u00e9 dans les \u00e9quipes d&rsquo;un groupement de Conception R\u00e9alisation. Les missions confi\u00e9es consistent \u00e0 : Coordonner la production des \u00e9tudes internes du mandataire (Structure, Enveloppe, Corps d&rsquo;\u00e9tat architecturaux), Coordonner la production des \u00e9tudes du groupement de Conception R\u00e9alisation constitu\u00e9 d&rsquo;un cabinet d&rsquo;architectes, d&rsquo;une maitre d\u2019\u0153uvre et des entreprises cocontractantes, [&hellip;]<\/p>\n<\/div>\n\t\t\t\t\t\t\t\t\t\t\t<\/article>\n\t\t\t\t\t\t<article class=\"grid-post post-483 post type-post status-publish format-standard has-post-thumbnail hentry category-references post-with-thumbnail post-with-thumbnail-icon\">\n\n\t\t\t\t\t\t\t\t\t<a class=\"grid-thumbnail\" href=\"https:\/\/www.dns-ce.fr\/index.php\/2021\/06\/25\/ordener-assistance-a-demarrage-de-travaux\/\">\n\t\t\t\t\t\t<img loading=\"lazy\" decoding=\"async\" width=\"436\" height=\"272\" src=\"https:\/\/www.dns-ce.fr\/wp-content\/uploads\/2021\/06\/Ordener-436x272.png\" class=\"attachment-vantage-grid-loop size-vantage-grid-loop wp-post-image\" alt=\"\" \/>\t\t\t\t\t<\/a>\n\t\t\t\t\n\t\t\t\t<h3><a href=\"https:\/\/www.dns-ce.fr\/index.php\/2021\/06\/25\/ordener-assistance-a-demarrage-de-travaux\/\">Ordener &#8211; Assistance \u00e0 d\u00e9marrage de travaux<\/a><\/h3>\n\t\t\t\t<div class=\"excerpt\"><p>La mission DNS Engineering a \u00e9t\u00e9 int\u00e9gr\u00e9 l&rsquo;\u00e9quipe de l&rsquo;AMOA. L&rsquo;objectif \u00e9tait de participer au d\u00e9marrage de l&rsquo;op\u00e9ration en phase travaux : Dynamiser les \u00e9changes entre les acteurs du projet (entreprises, bureaux d\u2019\u00e9tudes, architecte, bureau de contr\u00f4le\u2026), Participer aux r\u00e9unions de travaux dans l\u2019objectif de lancer les travaux de fondations et de gros \u0153uvre, Le [&hellip;]<\/p>\n<\/div>\n\t\t\t\t\t\t\t\t\t\t\t<\/article>\n\t\t\t\t\t\t\t<div class=\"clear\"><\/div>\n\t\t\t\t\t\t\t<article class=\"grid-post post-466 post type-post status-publish format-standard has-post-thumbnail hentry category-references post-with-thumbnail post-with-thumbnail-icon\">\n\n\t\t\t\t\t\t\t\t\t<a class=\"grid-thumbnail\" href=\"https:\/\/www.dns-ce.fr\/index.php\/2021\/02\/11\/campus-agros-paris-saclay-assistance-a-la-gestion-de-lots-specifiques\/\">\n\t\t\t\t\t\t<img loading=\"lazy\" decoding=\"async\" width=\"436\" height=\"272\" src=\"https:\/\/www.dns-ce.fr\/wp-content\/uploads\/2021\/02\/campus_agroparistech-inra_01-436x272.png\" class=\"attachment-vantage-grid-loop size-vantage-grid-loop wp-post-image\" alt=\"\" \/>\t\t\t\t\t<\/a>\n\t\t\t\t\n\t\t\t\t<h3><a href=\"https:\/\/www.dns-ce.fr\/index.php\/2021\/02\/11\/campus-agros-paris-saclay-assistance-a-la-gestion-de-lots-specifiques\/\">Campus AGROS Paris-Saclay &#8211; Assistance \u00e0 la gestion de lots sp\u00e9cifiques<\/a><\/h3>\n\t\t\t\t<div class=\"excerpt\"><p>La mission DNS Engineering a \u00e9t\u00e9 int\u00e9gr\u00e9 dans les \u00e9quipes d&rsquo;une entreprise g\u00e9n\u00e9rale. Cette entreprise est mandataire d&rsquo;un contrat de Conception R\u00e9alisation Exploitation Maintenance. Pour deux lots tr\u00e8s sp\u00e9cifiques, 4 serres horticoles et 34 chambres climatiques de recherches, les missions confi\u00e9es ont \u00e9t\u00e9 : Identifier les risques li\u00e9s \u00e0 ces 2 lots, Proposer et mettre [&hellip;]<\/p>\n<\/div>\n\t\t\t\t\t\t\t\t\t\t\t<\/article>\n\t\t\t\t\t\t<article class=\"grid-post post-437 post type-post status-publish format-standard has-post-thumbnail hentry category-references post-with-thumbnail post-with-thumbnail-icon\">\n\n\t\t\t\t\t\t\t\t\t<a class=\"grid-thumbnail\" href=\"https:\/\/www.dns-ce.fr\/index.php\/2021\/02\/11\/cdg-express-accompagnement-contractuel-direction-de-projet\/\">\n\t\t\t\t\t\t<img loading=\"lazy\" decoding=\"async\" width=\"436\" height=\"272\" src=\"https:\/\/www.dns-ce.fr\/wp-content\/uploads\/2021\/02\/5dbc70ddf20d5a264d36fb78-436x272.jpg\" class=\"attachment-vantage-grid-loop size-vantage-grid-loop wp-post-image\" alt=\"\" \/>\t\t\t\t\t<\/a>\n\t\t\t\t\n\t\t\t\t<h3><a href=\"https:\/\/www.dns-ce.fr\/index.php\/2021\/02\/11\/cdg-express-accompagnement-contractuel-direction-de-projet\/\">CDG Express &#8211; Accompagnement gestion de contrat<\/a><\/h3>\n\t\t\t\t<div class=\"excerpt\"><p>La mission DNS Engineering assiste la direction de projet d&rsquo;une entreprise de travaux ferroviaires dans la gestion de son contrat. Les missions consistent \u00e0 : Participer aux r\u00e9dactions des r\u00e9ponses \u00e0 ordres de services p\u00e9jorants, D\u00e9finir une approche et une strat\u00e9gie avec la direction du projet, Participer \u00e0 la gestion des al\u00e9as : Rencontrer les [&hellip;]<\/p>\n<\/div>\n\t\t\t\t\t\t\t\t\t\t\t<\/article>\n\t\t\t\t\t\t<article class=\"grid-post post-306 post type-post status-publish format-standard has-post-thumbnail hentry category-references tag-contract-management tag-decalage-de-delais tag-forensic tag-gestion-de-contrat tag-marche-prive tag-memoire-en-reclamation tag-modification-de-projet tag-planning tag-reclamation post-with-thumbnail post-with-thumbnail-icon\">\n\n\t\t\t\t\t\t\t\t\t<a class=\"grid-thumbnail\" href=\"https:\/\/www.dns-ce.fr\/index.php\/2020\/03\/09\/tour-de-sechage-suivi-et-gestion-des-modifications-de-projet\/\">\n\t\t\t\t\t\t<img loading=\"lazy\" decoding=\"async\" width=\"436\" height=\"272\" src=\"https:\/\/www.dns-ce.fr\/wp-content\/uploads\/2020\/03\/sill-02-rgb-color-0001-436x272.jpg\" class=\"attachment-vantage-grid-loop size-vantage-grid-loop wp-post-image\" alt=\"\" srcset=\"https:\/\/www.dns-ce.fr\/wp-content\/uploads\/2020\/03\/sill-02-rgb-color-0001-436x272.jpg 436w, https:\/\/www.dns-ce.fr\/wp-content\/uploads\/2020\/03\/sill-02-rgb-color-0001-300x188.jpg 300w, https:\/\/www.dns-ce.fr\/wp-content\/uploads\/2020\/03\/sill-02-rgb-color-0001.jpg 670w\" sizes=\"auto, (max-width: 436px) 100vw, 436px\" \/>\t\t\t\t\t<\/a>\n\t\t\t\t\n\t\t\t\t<h3><a href=\"https:\/\/www.dns-ce.fr\/index.php\/2020\/03\/09\/tour-de-sechage-suivi-et-gestion-des-modifications-de-projet\/\">Tour de s\u00e9chage &#8211; Suivi et gestion des modifications de projet<\/a><\/h3>\n\t\t\t\t<div class=\"excerpt\"><p>La mission DNS Engineering a \u00e9t\u00e9 int\u00e9gr\u00e9 dans les \u00e9quipes d&rsquo;une entreprise de gros oeuvre. Les missions consistent \u00e0 : Suivre les modifications de projet, Evaluer l&rsquo;impact financier et temporel des modifications, Pr\u00e9senter et expliquer les impacts des modifications, Accompagner la direction de l&rsquo;entreprise en r\u00e9union avec le MOA, Partager les nouveaux objectifs de planning [&hellip;]<\/p>\n<\/div>\n\t\t\t\t\t\t\t\t\t\t\t<\/article>\n\t\t\t\t\t\t<article class=\"grid-post post-301 post type-post status-publish format-standard has-post-thumbnail hentry category-references tag-acceleration-de-chantier tag-ccag tag-cccg tag-contract-management tag-decalage-de-delais tag-forensic tag-gestion-de-contrat tag-marche-public tag-memoire-en-reclamation tag-reclamation tag-sncf post-with-thumbnail post-with-thumbnail-icon\">\n\n\t\t\t\t\t\t\t\t\t<a class=\"grid-thumbnail\" href=\"https:\/\/www.dns-ce.fr\/index.php\/2020\/03\/09\/gare-de-rennes-optimisation-du-planning\/\">\n\t\t\t\t\t\t<img loading=\"lazy\" decoding=\"async\" width=\"436\" height=\"272\" src=\"https:\/\/www.dns-ce.fr\/wp-content\/uploads\/2020\/03\/PEM-CHA-STR-436x272.png\" class=\"attachment-vantage-grid-loop size-vantage-grid-loop wp-post-image\" alt=\"\" srcset=\"https:\/\/www.dns-ce.fr\/wp-content\/uploads\/2020\/03\/PEM-CHA-STR-436x272.png 436w, https:\/\/www.dns-ce.fr\/wp-content\/uploads\/2020\/03\/PEM-CHA-STR-300x187.png 300w, https:\/\/www.dns-ce.fr\/wp-content\/uploads\/2020\/03\/PEM-CHA-STR-1024x637.png 1024w, https:\/\/www.dns-ce.fr\/wp-content\/uploads\/2020\/03\/PEM-CHA-STR-768x478.png 768w, https:\/\/www.dns-ce.fr\/wp-content\/uploads\/2020\/03\/PEM-CHA-STR.png 1120w\" sizes=\"auto, (max-width: 436px) 100vw, 436px\" \/>\t\t\t\t\t<\/a>\n\t\t\t\t\n\t\t\t\t<h3><a href=\"https:\/\/www.dns-ce.fr\/index.php\/2020\/03\/09\/gare-de-rennes-optimisation-du-planning\/\">Gare de Rennes &#8211; Optimisation du planning<\/a><\/h3>\n\t\t\t\t<div class=\"excerpt\"><p>La mission De novembre 2017 \u00e0 janvier 2019, DNS Engineering a \u00e9t\u00e9 int\u00e9gr\u00e9 dans les \u00e9quipes de l&rsquo;entreprise g\u00e9n\u00e9rale. Les missions ont consist\u00e9 \u00e0 : Participer \u00e0 l&rsquo;\u00e9laboration d&rsquo;un planning optimis\u00e9 des travaux, Proposer et estimer les moyens n\u00e9cessaires \u00e0 l&rsquo;optimisation du planning, Accompagner la direction de projet en r\u00e9union avec le MOA et MOE, [&hellip;]<\/p>\n<\/div>\n\t\t\t\t\t\t\t\t\t\t\t<\/article>\n\t\t\t\t\t\t\t<div class=\"clear\"><\/div>\n\t\t\t\t\t\t\t<article class=\"grid-post post-292 post type-post status-publish format-standard has-post-thumbnail hentry category-references tag-analyse-de-planning tag-ccag tag-cccg tag-decalage-de-delais tag-forensic tag-marche-prive tag-marche-public tag-memoire-en-reclamation tag-reclamation tag-sncf post-with-thumbnail post-with-thumbnail-icon\">\n\n\t\t\t\t\t\t\t\t\t<a class=\"grid-thumbnail\" href=\"https:\/\/www.dns-ce.fr\/index.php\/2020\/03\/09\/gare-de-rennes-integration-dans-lequipe-projet\/\">\n\t\t\t\t\t\t<img loading=\"lazy\" decoding=\"async\" width=\"436\" height=\"272\" src=\"https:\/\/www.dns-ce.fr\/wp-content\/uploads\/2020\/03\/Gare-de-Rennes-hall-1024x576-1-436x272.jpg\" class=\"attachment-vantage-grid-loop size-vantage-grid-loop wp-post-image\" alt=\"\" \/>\t\t\t\t\t<\/a>\n\t\t\t\t\n\t\t\t\t<h3><a href=\"https:\/\/www.dns-ce.fr\/index.php\/2020\/03\/09\/gare-de-rennes-integration-dans-lequipe-projet\/\">Gare de Rennes &#8211; Gestion des modifications de projet<\/a><\/h3>\n\t\t\t\t<div class=\"excerpt\"><p>La mission De novembre 2016 \u00e0 novembre 2017, DNS Engineering a \u00e9t\u00e9 int\u00e9gr\u00e9 dans les \u00e9quipes de l&rsquo;entreprise g\u00e9n\u00e9rale. Les missions ont consist\u00e9 \u00e0 : Manager l&rsquo;\u00e9quipe de conducteurs de travaux, \u00c9valuer l&rsquo;impact planning des modifications de projet, Valoriser l&rsquo;incidence financi\u00e8re des d\u00e9calages de d\u00e9lais et des modifications de projet, Interagir avec la ma\u00eetrise d\u2019\u0153uvre [&hellip;]<\/p>\n<\/div>\n\t\t\t\t\t\t\t\t\t\t\t<\/article>\n\t\t\t\t\t\t<article class=\"grid-post post-262 post type-post status-publish format-standard has-post-thumbnail hentry category-references tag-acceleration-de-chantier tag-analyse-de-planning tag-chiffrage tag-claim-management tag-devis tag-litige tag-optimisation-de-projet tag-reclamation post-with-thumbnail post-with-thumbnail-icon\">\n\n\t\t\t\t\t\t\t\t\t<a class=\"grid-thumbnail\" href=\"https:\/\/www.dns-ce.fr\/index.php\/2020\/03\/09\/gare-de-rennes-mise-en-place-du-processus-etude-tce\/\">\n\t\t\t\t\t\t<img loading=\"lazy\" decoding=\"async\" width=\"436\" height=\"272\" src=\"https:\/\/www.dns-ce.fr\/wp-content\/uploads\/2020\/03\/gare3-aube-1024x684-1-436x272.jpg\" class=\"attachment-vantage-grid-loop size-vantage-grid-loop wp-post-image\" alt=\"\" \/>\t\t\t\t\t<\/a>\n\t\t\t\t\n\t\t\t\t<h3><a href=\"https:\/\/www.dns-ce.fr\/index.php\/2020\/03\/09\/gare-de-rennes-mise-en-place-du-processus-etude-tce\/\">Gare de Rennes &#8211; Mise en place du processus \u00e9tude TCE et modifications de projet<\/a><\/h3>\n\t\t\t\t<div class=\"excerpt\"><p>La mission De novembre 2015 \u00e0 novembre 2016, DNS Engineering a \u00e9t\u00e9 en charge de mettre en place le processus \u00e9tude et gestion des modifications de projet. Aupr\u00e8s de notre client, l&rsquo;entreprise g\u00e9n\u00e9rale, les missions ont \u00e9t\u00e9 les suivantes : Relation avec la maitrise d\u2019\u0153uvre technique, les architectes, l\u2019OPC, le MOA et le bureau de [&hellip;]<\/p>\n<\/div>\n\t\t\t\t\t\t\t\t\t\t\t<\/article>\n\t\t\t\t<\/div>\n\n\t\t\t<nav id=\"nav-below\" class=\"site-navigation paging-navigation\">\n\t\t\t<h2 class=\"assistive-text\">Post navigation<\/h2>\n\n\t\t\t<div class='pagination'><span aria-current=\"page\" class=\"page-numbers current\">1<\/span>\n<a class=\"page-numbers\" href=\"https:\/\/www.dns-ce.fr\/index.php\/wp-json\/wp\/v2\/pages\/233\/page\/2\/\">2<\/a>\n<a class=\"next page-numbers\" href=\"https:\/\/www.dns-ce.fr\/index.php\/wp-json\/wp\/v2\/pages\/233\/page\/2\/\">Suivant\u00a0\u00bb<\/a><\/div>\n\n\t\t<\/nav><!-- #nav-below -->\n\t\t<\/div><\/div><\/div><\/div>","protected":false},"excerpt":{"rendered":"<p>D\u00e9couvrez nos projets embl\u00e9matiques Depuis Nantes, nous travaillons sur l&rsquo;ensemble de la France. EOLE RER E &#8211; Accompagnement gestion de contrat La mission DNS Engineering assiste la direction de projet d&rsquo;une entreprise de travaux ferroviaires dans la gestion de son contrat. Les missions consistent \u00e0 : Analyser le d\u00e9roulement des \u00e9tudes au regard des exigences [&hellip;]<\/p>\n","protected":false},"author":1,"featured_media":0,"parent":0,"menu_order":0,"comment_status":"closed","ping_status":"closed","template":"","meta":{"footnotes":""},"class_list":["post-233","page","type-page","status-publish","hentry","post"],"_links":{"self":[{"href":"https:\/\/www.dns-ce.fr\/index.php\/wp-json\/wp\/v2\/pages\/233","targetHints":{"allow":["GET"]}}],"collection":[{"href":"https:\/\/www.dns-ce.fr\/index.php\/wp-json\/wp\/v2\/pages"}],"about":[{"href":"https:\/\/www.dns-ce.fr\/index.php\/wp-json\/wp\/v2\/types\/page"}],"author":[{"embeddable":true,"href":"https:\/\/www.dns-ce.fr\/index.php\/wp-json\/wp\/v2\/users\/1"}],"replies":[{"embeddable":true,"href":"https:\/\/www.dns-ce.fr\/index.php\/wp-json\/wp\/v2\/comments?post=233"}],"version-history":[{"count":26,"href":"https:\/\/www.dns-ce.fr\/index.php\/wp-json\/wp\/v2\/pages\/233\/revisions"}],"predecessor-version":[{"id":591,"href":"https:\/\/www.dns-ce.fr\/index.php\/wp-json\/wp\/v2\/pages\/233\/revisions\/591"}],"wp:attachment":[{"href":"https:\/\/www.dns-ce.fr\/index.php\/wp-json\/wp\/v2\/media?parent=233"}],"curies":[{"name":"wp","href":"https:\/\/api.w.org\/{rel}","templated":true}]}}